{"id":282,"date":"2025-05-12T13:20:37","date_gmt":"2025-05-12T11:20:37","guid":{"rendered":"https:\/\/www.mark-neugebauer.de\/?page_id=282"},"modified":"2025-05-22T12:59:22","modified_gmt":"2025-05-22T10:59:22","slug":"ueber-mich","status":"publish","type":"page","link":"https:\/\/www.mark-neugebauer.de\/?page_id=282","title":{"rendered":"\u00fcber mich"},"content":{"rendered":"\n<p>Meine Liebe zum Radio hat schon w\u00e4hrend der Schulzeit angefangen \u2013 an der Peter-Henlein-Realschule in N\u00fcrnberg. Dort war ich Teil des Sch\u00fclerradios PH-1, damals unter der Leitung von Sportreporter G\u00fcnther Koch. 2002 habe ich meinen Abschluss gemacht, aber mit dem Radio ging\u2019s schon vorher los.<\/p>\n\n\n\n<p>2001 habe ich beim Aus- und Fortbildungskanal <em>afk max<\/em> (heute <em>max neo<\/em>) ein Praktikum gemacht und anschlie\u00dfend als freier Mitarbeiter gearbeitet.<br>Noch w\u00e4hrend meiner Schulzeit bin ich 2002 zu <em>ENERGY N\u00fcrnberg<\/em> gewechselt \u2013 erst als freier Moderator, sp\u00e4ter, von 2004 bis 2006, im Volontariat. Danach bin ich bei ENERGY geblieben \u2013 und das f\u00fcr sehr lange Zeit.<\/p>\n\n\n\n<p>2012 ging\u2019s f\u00fcr ein Jahr nach Frankfurt zu <em>ENERGY Rhein-Main<\/em>, wo ich die Morningshow \u00fcbernommen habe. 2013 ging es zur\u00fcck nach N\u00fcrnberg \u2013 und nat\u00fcrlich auch zur\u00fcck zu <em>ENERGY N\u00fcrnberg<\/em>. Zur\u00fcck in der Heimat habe ich wieder die Morningshow \u00fcbernommen, ab 2018 dann als Teil von \u201e<em>Yase &amp; Mark am Morgen<\/em>\u201c. Das Ganze lief bis Ende 2024 \u2013 am 29. November gab\u2019s unter vielen Tr\u00e4nen die letzte gemeinsame Show mit Yase.<\/p>\n\n\n\n<p>Nach \u00fcber 22 Jahren bei ENERGY war f\u00fcr mich klar: Es ist Zeit f\u00fcr etwas Neues. Im Dezember 2024 wechselte ich ins Funkhaus N\u00fcrnberg und moderierte ab dem 7. Januar 2025 t\u00e4glich die Morningshow f\u00fcr <em>Hit Radio N1<\/em> und auch <em>Radio Galaxy<\/em>. Leider endete die Zusammenarbeit bereits nach einem halben Jahr. Artikel dazu findet ihr unter <a href=\"https:\/\/www.mark-neugebauer.de\/?page_id=286\" data-type=\"page\" data-id=\"286\">PRESSE<\/a>.<br><br>Fortsetzung folgt.<\/p>\n","protected":false},"excerpt":{"rendered":"<p>Meine Liebe zum Radio hat schon w\u00e4hrend der Schulzeit angefangen \u2013 an der Peter-Henlein-Realschule in N\u00fcrnberg. Dort war ich Teil des Sch\u00fclerradios PH-1, damals unter der Leitung von Sportreporter G\u00fcnther Koch. 2002 habe ich meinen Abschluss gemacht, aber mit dem Radio ging\u2019s schon vorher los. 2001 habe ich beim Aus- und Fortbildungskanal afk max (heute [&hellip;]<\/p>\n","protected":false},"author":1,"featured_media":0,"parent":0,"menu_order":0,"comment_status":"closed","ping_status":"closed","template":"","meta":{"footnotes":""},"class_list":["post-282","page","type-page","status-publish","hentry"],"_links":{"self":[{"href":"https:\/\/www.mark-neugebauer.de\/index.php?rest_route=\/wp\/v2\/pages\/282","targetHints":{"allow":["GET"]}}],"collection":[{"href":"https:\/\/www.mark-neugebauer.de\/index.php?rest_route=\/wp\/v2\/pages"}],"about":[{"href":"https:\/\/www.mark-neugebauer.de\/index.php?rest_route=\/wp\/v2\/types\/page"}],"author":[{"embeddable":true,"href":"https:\/\/www.mark-neugebauer.de\/index.php?rest_route=\/wp\/v2\/users\/1"}],"replies":[{"embeddable":true,"href":"https:\/\/www.mark-neugebauer.de\/index.php?rest_route=%2Fwp%2Fv2%2Fcomments&post=282"}],"version-history":[{"count":3,"href":"https:\/\/www.mark-neugebauer.de\/index.php?rest_route=\/wp\/v2\/pages\/282\/revisions"}],"predecessor-version":[{"id":318,"href":"https:\/\/www.mark-neugebauer.de\/index.php?rest_route=\/wp\/v2\/pages\/282\/revisions\/318"}],"wp:attachment":[{"href":"https:\/\/www.mark-neugebauer.de\/index.php?rest_route=%2Fwp%2Fv2%2Fmedia&parent=282"}],"curies":[{"name":"wp","href":"https:\/\/api.w.org\/{rel}","templated":true}]}}